{"id":32,"date":"2026-05-15T08:22:03","date_gmt":"2026-05-15T08:22:03","guid":{"rendered":"https:\/\/tr88.finance\/?page_id=32"},"modified":"2026-05-15T08:49:34","modified_gmt":"2026-05-15T08:49:34","slug":"tr88","status":"publish","type":"page","link":"https:\/\/tr88.finance\/","title":{"rendered":"TR88"},"content":{"rendered":"<div class=\"slider-wrapper relative\" id=\"slider-1454195477\" >\n    <div class=\"slider slider-nav-circle slider-nav-large slider-nav-light slider-style-normal\"\n        data-flickity-options='{\n            \"cellAlign\": \"center\",\n            \"imagesLoaded\": true,\n            \"lazyLoad\": 1,\n            \"freeScroll\": false,\n            \"wrapAround\": true,\n            \"autoPlay\": 6000,\n            \"pauseAutoPlayOnHover\" : true,\n            \"prevNextButtons\": true,\n            \"contain\" : true,\n            \"adaptiveHeight\" : true,\n            \"dragThreshold\" : 10,\n            \"percentPosition\": true,\n            \"pageDots\": true,\n            \"rightToLeft\": false,\n            \"draggable\": true,\n            \"selectedAttraction\": 0.1,\n            \"parallax\" : 0,\n            \"friction\": 0.6        }'\n        >\n        \n\t<div class=\"img has-hover x md-x lg-x y md-y lg-y\" id=\"image_953059791\">\n\t\t\t\t\t\t\t\t<div class=\"img-inner dark\" >\n\t\t\t<img loading=\"lazy\" decoding=\"async\" width=\"1400\" height=\"481\" src=\"https:\/\/tr88.finance\/wp-content\/uploads\/2026\/05\/banner-tr88.jpg\" class=\"attachment-original size-original\" alt=\"banner tr88\" srcset=\"https:\/\/tr88.finance\/wp-content\/uploads\/2026\/05\/banner-tr88.jpg 1400w, https:\/\/tr88.finance\/wp-content\/uploads\/2026\/05\/banner-tr88-510x175.jpg 510w, https:\/\/tr88.finance\/wp-content\/uploads\/2026\/05\/banner-tr88-300x103.jpg 300w, https:\/\/tr88.finance\/wp-content\/uploads\/2026\/05\/banner-tr88-1024x352.jpg 1024w, https:\/\/tr88.finance\/wp-content\/uploads\/2026\/05\/banner-tr88-768x264.jpg 768w\" sizes=\"auto, (max-width: 1400px) 100vw, 1400px\" \/>\t\t\t\t\t\t\n\t\t\t\t\t<\/div>\n\t\t\t\t\t\t\t\t\n<style>\n#image_953059791 {\n  width: 100%;\n}\n<\/style>\n\t<\/div>\n\t\n     <\/div>\n\n     <div class=\"loading-spin dark large centered\"><\/div>\n\n\t<\/div>\n\n\n<div class=\"row\"  id=\"row-723534770\">\n\n\t<div id=\"col-636279215\" class=\"col small-12 large-12\"  >\n\t\t\t\t<div class=\"col-inner\"  >\n\t\t\t\n\t\t\t\n<h1>h1<\/h1>\n<p>sapo<\/p>\n<p>\u00a0<\/p>\n<div class=\"row\"  id=\"row-665921466\">\n\n\t<div id=\"col-914641357\" class=\"col medium-2 small-6 large-2\"  >\n\t\t\t\t<div class=\"col-inner\"  >\n\t\t\t\n\t\t\t\n\t<div class=\"img has-hover image-box x md-x lg-x y md-y lg-y\" id=\"image_1061543096\">\n\t\t\t\t\t\t\t\t<div class=\"img-inner dark\" >\n\t\t\t<img loading=\"lazy\" decoding=\"async\" width=\"300\" height=\"300\" src=\"https:\/\/tr88.finance\/wp-content\/uploads\/2026\/05\/casino-iocn.webp\" class=\"attachment-original size-original\" alt=\"casino-tr88\" srcset=\"https:\/\/tr88.finance\/wp-content\/uploads\/2026\/05\/casino-iocn.webp 300w, https:\/\/tr88.finance\/wp-content\/uploads\/2026\/05\/casino-iocn-100x100.webp 100w, https:\/\/tr88.finance\/wp-content\/uploads\/2026\/05\/casino-iocn-150x150.webp 150w\" sizes=\"auto, (max-width: 300px) 100vw, 300px\" \/>\t\t\t\t\t\t\n\t\t\t\t\t<\/div>\n\t\t\t\t\t\t\t\t\n<style>\n#image_1061543096 {\n  width: 100%;\n}\n<\/style>\n\t<\/div>\n\t\n\t\t<\/div>\n\t\t\t\t\t<\/div>\n\n\t\n\n\t<div id=\"col-1950119136\" class=\"col medium-2 small-6 large-2\"  >\n\t\t\t\t<div class=\"col-inner\"  >\n\t\t\t\n\t\t\t\n\t<div class=\"img has-hover image-box x md-x lg-x y md-y lg-y\" id=\"image_515900128\">\n\t\t\t\t\t\t\t\t<div class=\"img-inner dark\" >\n\t\t\t<img loading=\"lazy\" decoding=\"async\" width=\"300\" height=\"300\" src=\"https:\/\/tr88.finance\/wp-content\/uploads\/2026\/05\/no-hu-icon.webp\" class=\"attachment-original size-original\" alt=\"n\u1ed5 h\u0169 tr88\" srcset=\"https:\/\/tr88.finance\/wp-content\/uploads\/2026\/05\/no-hu-icon.webp 300w, https:\/\/tr88.finance\/wp-content\/uploads\/2026\/05\/no-hu-icon-100x100.webp 100w, https:\/\/tr88.finance\/wp-content\/uploads\/2026\/05\/no-hu-icon-150x150.webp 150w\" sizes=\"auto, (max-width: 300px) 100vw, 300px\" \/>\t\t\t\t\t\t\n\t\t\t\t\t<\/div>\n\t\t\t\t\t\t\t\t\n<style>\n#image_515900128 {\n  width: 100%;\n}\n<\/style>\n\t<\/div>\n\t\n\t\t<\/div>\n\t\t\t\t\t<\/div>\n\n\t\n\n\t<div id=\"col-1005216031\" class=\"col medium-2 small-6 large-2\"  >\n\t\t\t\t<div class=\"col-inner\"  >\n\t\t\t\n\t\t\t\n\t<div class=\"img has-hover image-box x md-x lg-x y md-y lg-y\" id=\"image_933699614\">\n\t\t\t\t\t\t\t\t<div class=\"img-inner dark\" >\n\t\t\t<img loading=\"lazy\" decoding=\"async\" width=\"300\" height=\"300\" src=\"https:\/\/tr88.finance\/wp-content\/uploads\/2026\/05\/da-ga-icon.webp\" class=\"attachment-original size-original\" alt=\"\u0111\u00e1 g\u00e0 tr88\" srcset=\"https:\/\/tr88.finance\/wp-content\/uploads\/2026\/05\/da-ga-icon.webp 300w, https:\/\/tr88.finance\/wp-content\/uploads\/2026\/05\/da-ga-icon-100x100.webp 100w, https:\/\/tr88.finance\/wp-content\/uploads\/2026\/05\/da-ga-icon-150x150.webp 150w\" sizes=\"auto, (max-width: 300px) 100vw, 300px\" \/>\t\t\t\t\t\t\n\t\t\t\t\t<\/div>\n\t\t\t\t\t\t\t\t\n<style>\n#image_933699614 {\n  width: 100%;\n}\n<\/style>\n\t<\/div>\n\t\n\t\t<\/div>\n\t\t\t\t\t<\/div>\n\n\t\n\n\t<div id=\"col-730936524\" class=\"col medium-2 small-6 large-2\"  >\n\t\t\t\t<div class=\"col-inner\"  >\n\t\t\t\n\t\t\t\n\t<div class=\"img has-hover image-box x md-x lg-x y md-y lg-y\" id=\"image_1029202137\">\n\t\t\t\t\t\t\t\t<div class=\"img-inner dark\" >\n\t\t\t<img loading=\"lazy\" decoding=\"async\" width=\"300\" height=\"300\" src=\"https:\/\/tr88.finance\/wp-content\/uploads\/2026\/05\/the-thao-icon.webp\" class=\"attachment-original size-original\" alt=\"th\u1ec3 thao tr88\" srcset=\"https:\/\/tr88.finance\/wp-content\/uploads\/2026\/05\/the-thao-icon.webp 300w, https:\/\/tr88.finance\/wp-content\/uploads\/2026\/05\/the-thao-icon-100x100.webp 100w, https:\/\/tr88.finance\/wp-content\/uploads\/2026\/05\/the-thao-icon-150x150.webp 150w\" sizes=\"auto, (max-width: 300px) 100vw, 300px\" \/>\t\t\t\t\t\t\n\t\t\t\t\t<\/div>\n\t\t\t\t\t\t\t\t\n<style>\n#image_1029202137 {\n  width: 100%;\n}\n<\/style>\n\t<\/div>\n\t\n\t\t<\/div>\n\t\t\t\t\t<\/div>\n\n\t\n\n\t<div id=\"col-580756422\" class=\"col medium-2 small-12 large-2\"  >\n\t\t\t\t<div class=\"col-inner\"  >\n\t\t\t\n\t\t\t\n\t<div class=\"img has-hover image-box x md-x lg-x y md-y lg-y\" id=\"image_325607018\">\n\t\t\t\t\t\t\t\t<div class=\"img-inner dark\" >\n\t\t\t<img loading=\"lazy\" decoding=\"async\" width=\"300\" height=\"300\" src=\"https:\/\/tr88.finance\/wp-content\/uploads\/2026\/05\/xo-so-icon.webp\" class=\"attachment-original size-original\" alt=\"x\u1ed5 s\u1ed1 tr88\" srcset=\"https:\/\/tr88.finance\/wp-content\/uploads\/2026\/05\/xo-so-icon.webp 300w, https:\/\/tr88.finance\/wp-content\/uploads\/2026\/05\/xo-so-icon-100x100.webp 100w, https:\/\/tr88.finance\/wp-content\/uploads\/2026\/05\/xo-so-icon-150x150.webp 150w\" sizes=\"auto, (max-width: 300px) 100vw, 300px\" \/>\t\t\t\t\t\t\n\t\t\t\t\t<\/div>\n\t\t\t\t\t\t\t\t\n<style>\n#image_325607018 {\n  width: 100%;\n}\n<\/style>\n\t<\/div>\n\t\n\t\t<\/div>\n\t\t\t\t\t<\/div>\n\n\t\n\n\t<div id=\"col-936102701\" class=\"col medium-2 small-12 large-2\"  >\n\t\t\t\t<div class=\"col-inner\"  >\n\t\t\t\n\t\t\t\n\t<div class=\"img has-hover image-box x md-x lg-x y md-y lg-y\" id=\"image_1444712332\">\n\t\t\t\t\t\t\t\t<div class=\"img-inner dark\" >\n\t\t\t<img loading=\"lazy\" decoding=\"async\" width=\"300\" height=\"300\" src=\"https:\/\/tr88.finance\/wp-content\/uploads\/2026\/05\/ban-ca-icon.webp\" class=\"attachment-original size-original\" alt=\"b\u1eafn c\u00e1 tr88\" srcset=\"https:\/\/tr88.finance\/wp-content\/uploads\/2026\/05\/ban-ca-icon.webp 300w, https:\/\/tr88.finance\/wp-content\/uploads\/2026\/05\/ban-ca-icon-100x100.webp 100w, https:\/\/tr88.finance\/wp-content\/uploads\/2026\/05\/ban-ca-icon-150x150.webp 150w\" sizes=\"auto, (max-width: 300px) 100vw, 300px\" \/>\t\t\t\t\t\t\n\t\t\t\t\t<\/div>\n\t\t\t\t\t\t\t\t\n<style>\n#image_1444712332 {\n  width: 100%;\n}\n<\/style>\n\t<\/div>\n\t\n\t\t<\/div>\n\t\t\t\t\t<\/div>\n\n\t\n<\/div>\n\t\t<\/div>\n\t\t\t\t\t<\/div>\n\n\t\n<\/div>\n","protected":false},"excerpt":{"rendered":"","protected":false},"author":1,"featured_media":0,"parent":0,"menu_order":0,"comment_status":"closed","ping_status":"closed","template":"page-blank.php","meta":{"footnotes":""},"class_list":["post-32","page","type-page","status-publish","hentry"],"_links":{"self":[{"href":"https:\/\/tr88.finance\/index.php?rest_route=\/wp\/v2\/pages\/32","targetHints":{"allow":["GET"]}}],"collection":[{"href":"https:\/\/tr88.finance\/index.php?rest_route=\/wp\/v2\/pages"}],"about":[{"href":"https:\/\/tr88.finance\/index.php?rest_route=\/wp\/v2\/types\/page"}],"author":[{"embeddable":true,"href":"https:\/\/tr88.finance\/index.php?rest_route=\/wp\/v2\/users\/1"}],"replies":[{"embeddable":true,"href":"https:\/\/tr88.finance\/index.php?rest_route=%2Fwp%2Fv2%2Fcomments&post=32"}],"version-history":[{"count":5,"href":"https:\/\/tr88.finance\/index.php?rest_route=\/wp\/v2\/pages\/32\/revisions"}],"predecessor-version":[{"id":66,"href":"https:\/\/tr88.finance\/index.php?rest_route=\/wp\/v2\/pages\/32\/revisions\/66"}],"wp:attachment":[{"href":"https:\/\/tr88.finance\/index.php?rest_route=%2Fwp%2Fv2%2Fmedia&parent=32"}],"curies":[{"name":"wp","href":"https:\/\/api.w.org\/{rel}","templated":true}]}}